{"id":908,"date":"2020-03-19T13:41:42","date_gmt":"2020-03-19T12:41:42","guid":{"rendered":"http:\/\/handy-in-not.de\/?page_id=908"},"modified":"2020-11-10T11:52:34","modified_gmt":"2020-11-10T10:52:34","slug":"notebook-ankauf","status":"publish","type":"page","link":"https:\/\/handy-in-not.de\/en\/notebook-ankauf\/","title":{"rendered":"Notebook &#8211; Ankauf"},"content":{"rendered":"<div class=\"wpb-content-wrapper\"><div class=\"vc_row wpb_row vc_row-fluid\"><div class=\"wpb_column vc_column_container vc_col-sm-12 sc_layouts_column_icons_position_left\"><div class=\"vc_column-inner\"><div class=\"wpb_wrapper\"><div class=\"vc_row wpb_row vc_inner vc_row-fluid\"><div class=\"wpb_column vc_column_container vc_col-sm-12 sc_layouts_column_icons_position_left\"><div class=\"vc_column-inner\"><div class=\"wpb_wrapper\"><div id=\"sc_title_547556714\"\r\n\t\tclass=\"sc_title color_style_default sc_title_default\"><h6 class=\"sc_item_subtitle sc_title_subtitle sc_align_center sc_item_title_style_default\">Schone die Umwelt - verkaufe Dein Notebook<\/h6><h2 class=\"sc_item_title sc_title_title sc_align_center sc_item_title_style_default sc_item_title_tag\">Verkaufen statt wegwerfen<\/h2><\/div><!-- \/.sc_title -->\n\t<div class=\"wpb_text_column wpb_content_element vc_custom_1605005545447\" >\n\t\t<div class=\"wpb_wrapper\">\n\t\t\t<p style=\"text-align: center;\">Notebook Ankauf \u2013 Handy in Not kauft Dein Notebook zu fairen Preisen. Ganz gleich welches Notebook Du verkaufen m\u00f6chtest wir machen Dir ein Angebot. W\u00e4hle einfach nachfolgend den Hersteller Deines Notebooks aus, beschreibe den Zustand und Du erh\u00e4ltst in k\u00fcrze von uns ein Angebot f\u00fcr Dein Ger\u00e4t. So schonst Du die Umwelt und bekommst bares Geld f\u00fcr Dein altes Notebook.<\/p>\n<p style=\"text-align: center;\">Im Gegenzug zum Verkauf auf einem Portal, wie zum Beispiel Ebay musst Du bei uns keinerlei Verkaufsprovisionen entrichten das bedeutet, dass der Erl\u00f6s voll und ganz Dir geh\u00f6rt. Weiterhin besteht bei solchen Portalen stets die Gefahr an einen Ank\u00e4ufer zu geraten der eventuell nicht korrekt arbeitet. Wir betreiben unser Gesch\u00e4ft bereits seit vielen Jahren und bieten mit zwei Ladenlokalen in D\u00fcren und Nideggen jederzeit die M\u00f6glichkeit uns zu besuchen.<\/p>\n<p style=\"text-align: center;\"><em>Wie geht es dann weiter?<\/em><\/p>\n<p style=\"text-align: center;\">Solltest Du Dich dazu entscheiden unser Angebot anzunehmen, dann hast Du die M\u00f6glichkeit das Ger\u00e4t in einem unserer Ladenlokale vorbei zu bringen oder uns das Notebook via Post zuzusenden. In beiden F\u00e4llen m\u00f6chten wir Dich bitten, das Ger\u00e4t auf Werkszustand zur\u00fcck zu setzen und die SIM-Karte zu entfernen. Solltest Du hierbei Hilfe ben\u00f6tigen, wird Dir einer unserer Mitarbeiter gerne unterst\u00fctzend zur Seite stehen.<\/p>\n\n\t\t<\/div>\n\t<\/div>\n<div class=\"vc_empty_space  height_tiny\"   style=\"height: 32px\"><span class=\"vc_empty_space_inner\"><\/span><\/div><\/div><\/div><\/div><\/div><div class=\"vc_empty_space  vc_custom_1508316798334 height_large\"   style=\"height: 32px\"><span class=\"vc_empty_space_inner\"><\/span><\/div><div class=\"vc_row wpb_row vc_inner vc_row-fluid\"><div class=\"wpb_column vc_column_container vc_col-sm-6 sc_layouts_column_icons_position_left\"><div class=\"vc_column-inner\"><div class=\"wpb_wrapper\"><div class=\"vc_icon_element vc_icon_element-outer vc_do_icon left vc_icon_element-align-left\"><div class=\"vc_icon_element-inner vc_icon_element-color-custom vc_icon_element-size-xl vc_icon_element-style- vc_icon_element-background-color-grey\" ><span class=\"vc_icon_element-icon icon-mobile-light\" style=\"color:#ff8f1f !important\"><\/span><\/div><\/div>\n\t<div class=\"wpb_text_column wpb_content_element left2\" >\n\t\t<div class=\"wpb_wrapper\">\n\t\t\t<h6 class=\"content__headline\"><strong>1. Ger\u00e4t ausw\u00e4hlen<\/strong><\/h6>\n<p class=\"content_copy\">W\u00e4hle den passenden Hersteller Deines Notebooks und gib das Modell an.<\/p>\n\n\t\t<\/div>\n\t<\/div>\n<\/div><\/div><\/div><div class=\"wpb_column vc_column_container vc_col-sm-6 sc_layouts_column_icons_position_left\"><div class=\"vc_column-inner\"><div class=\"wpb_wrapper\"><div class=\"vc_icon_element vc_icon_element-outer vc_do_icon left vc_icon_element-align-left\"><div class=\"vc_icon_element-inner vc_icon_element-color-custom vc_icon_element-size-xl vc_icon_element-style- vc_icon_element-background-color-grey\" ><span class=\"vc_icon_element-icon far fa-star\" style=\"color:#ff8f1f !important\"><\/span><\/div><\/div>\n\t<div class=\"wpb_text_column wpb_content_element left2\" >\n\t\t<div class=\"wpb_wrapper\">\n\t\t\t<h6 class=\"content__headline\"><strong>2. Ger\u00e4t bewerten<\/strong><\/h6>\n<p class=\"content_copy\">Beantworte einige Fragen, und beschreibe den Zustand Deines Ger\u00e4ts. Je genauer Du uns Dein Ger\u00e4t beschreibst desto besser k\u00f6nnen wir Dein Notebook beurteilen.<\/p>\n\n\t\t<\/div>\n\t<\/div>\n<\/div><\/div><\/div><\/div><div class=\"vc_row wpb_row vc_inner vc_row-fluid vc_custom_1588862752729\"><div class=\"wpb_column vc_column_container vc_col-sm-6 sc_layouts_column_icons_position_left\"><div class=\"vc_column-inner\"><div class=\"wpb_wrapper\"><div class=\"vc_icon_element vc_icon_element-outer vc_do_icon left vc_icon_element-align-left\"><div class=\"vc_icon_element-inner vc_icon_element-color-custom vc_icon_element-size-xl vc_icon_element-style- vc_icon_element-background-color-grey\" ><span class=\"vc_icon_element-icon far fa-envelope\" style=\"color:#ff8f1f !important\"><\/span><\/div><\/div>\n\t<div class=\"wpb_text_column wpb_content_element left2\" >\n\t\t<div class=\"wpb_wrapper\">\n\t\t\t<h6 class=\"content__headline\"><strong>3. Angebot ansehen<\/strong><\/h6>\n<p class=\"content_copy\">Einer unserer Experten wird sich mit Dir in Verbindung setzen worauf Du dann ein Angebot f\u00fcr Dein altes Notebook erh\u00e4ltst.<\/p>\n\n\t\t<\/div>\n\t<\/div>\n<\/div><\/div><\/div><div class=\"wpb_column vc_column_container vc_col-sm-6 sc_layouts_column_icons_position_left\"><div class=\"vc_column-inner\"><div class=\"wpb_wrapper\"><div class=\"vc_icon_element vc_icon_element-outer vc_do_icon left vc_icon_element-align-left\"><div class=\"vc_icon_element-inner vc_icon_element-color-custom vc_icon_element-size-xl vc_icon_element-style- vc_icon_element-background-color-grey\" ><span class=\"vc_icon_element-icon icon-mobile-light\" style=\"color:#ff8f1f !important\"><\/span><\/div><\/div>\n\t<div class=\"wpb_text_column wpb_content_element left2\" >\n\t\t<div class=\"wpb_wrapper\">\n\t\t\t<h6 class=\"content__headline\"><strong>4. Termin ausmachen<\/strong><\/h6>\n<p class=\"content_copy\">Stimme einen Termin mit uns ab und bring Dein Notebook vorbei oder sende uns dieses per Post zu.<\/p>\n\n\t\t<\/div>\n\t<\/div>\n<\/div><\/div><\/div><\/div><div class=\"vc_row wpb_row vc_inner vc_row-fluid vc_custom_1588863186280\"><div class=\"wpb_column vc_column_container vc_col-sm-12 sc_layouts_column_icons_position_left\"><div class=\"vc_column-inner\"><div class=\"wpb_wrapper\"><div id=\"sc_services_2136822571\" class=\"sc_services color_style_default sc_services_default sc_services_featured_top\"><h3 class=\"sc_item_title sc_services_title sc_align_center sc_item_title_style_default\">W\u00e4hle Deinen Hersteller!<\/h3><div class=\"sc_services_columns_wrap sc_item_columns sc_item_columns_3 trx_addons_columns_wrap columns_padding_bottom\"><div class=\"trx_addons_column-1_3\"><div class=\"sc_services_item with_content with_icon sc_services_item_featured_top odd\">\n\t\n\n\n                    <a href=\"https:\/\/handy-in-not.de\/en\/services\/apple-notebook-ankauf\/\"\n               id=\"sc_services_2136822571_icon-001-laptop_1\"\n               class=\"sc_services_item_icon icon-001-laptop\"><\/a>\n\n\n        \n\n        \t\n\t<div class=\"sc_services_item_info\">\n\t\t<div class=\"sc_services_item_header\">\n\t\t\t<h4 class=\"sc_services_item_title\">\n                            <a href=\"https:\/\/handy-in-not.de\/en\/services\/apple-notebook-ankauf\/\">Apple Notebook <br>Ankauf<\/a>\n            \n    <\/h4>\n\t\t\t<div class=\"sc_services_item_subtitle\"><a href=\"https:\/\/handy-in-not.de\/en\/services_group\/notebook-ankauf\/\" title=\"View all posts in Notebook - Ankauf\">Notebook - Ankauf<\/a><\/div>\n\t\t<\/div>\n\t\t\t\t\t<div class=\"sc_services_item_content\"><p>W\u00e4hle Dein Model, beschreibe uns den Zustand und wir erstellen Dir ein unverbindliches Angebot.<\/p>\n<\/div>\n\t\t\t<div class=\"sc_services_item_button sc_item_button\"><a href=\"https:\/\/handy-in-not.de\/en\/services\/apple-notebook-ankauf\/\" class=\"sc_button sc_button_simple\">Learn more<\/a><\/div>\n\t\t\t<\/div>\n<\/div>\n<\/div><div class=\"trx_addons_column-1_3\"><div class=\"sc_services_item with_content with_icon sc_services_item_featured_top even\">\n\t\n\n\n                    <a href=\"https:\/\/handy-in-not.de\/en\/services\/acer-notebook-ankauf\/\"\n               id=\"sc_services_2136822571_icon-001-laptop_2\"\n               class=\"sc_services_item_icon icon-001-laptop\"><\/a>\n\n\n        \n\n        \t\n\t<div class=\"sc_services_item_info\">\n\t\t<div class=\"sc_services_item_header\">\n\t\t\t<h4 class=\"sc_services_item_title\">\n                            <a href=\"https:\/\/handy-in-not.de\/en\/services\/acer-notebook-ankauf\/\">Acer Notebook <br>Ankauf<\/a>\n            \n    <\/h4>\n\t\t\t<div class=\"sc_services_item_subtitle\"><a href=\"https:\/\/handy-in-not.de\/en\/services_group\/notebook-ankauf\/\" title=\"View all posts in Notebook - Ankauf\">Notebook - Ankauf<\/a><\/div>\n\t\t<\/div>\n\t\t\t\t\t<div class=\"sc_services_item_content\"><p>W\u00e4hle Dein Model, beschreibe uns den Zustand und wir erstellen Dir ein unverbindliches Angebot.<\/p>\n<\/div>\n\t\t\t<div class=\"sc_services_item_button sc_item_button\"><a href=\"https:\/\/handy-in-not.de\/en\/services\/acer-notebook-ankauf\/\" class=\"sc_button sc_button_simple\">Learn more<\/a><\/div>\n\t\t\t<\/div>\n<\/div>\n<\/div><div class=\"trx_addons_column-1_3\"><div class=\"sc_services_item with_content with_icon sc_services_item_featured_top odd\">\n\t\n\n\n                    <a href=\"https:\/\/handy-in-not.de\/en\/services\/asus-notebook-ankauf\/\"\n               id=\"sc_services_2136822571_icon-001-laptop_3\"\n               class=\"sc_services_item_icon icon-001-laptop\"><\/a>\n\n\n        \n\n        \t\n\t<div class=\"sc_services_item_info\">\n\t\t<div class=\"sc_services_item_header\">\n\t\t\t<h4 class=\"sc_services_item_title\">\n                            <a href=\"https:\/\/handy-in-not.de\/en\/services\/asus-notebook-ankauf\/\">Asus Notebook <br>Ankauf<\/a>\n            \n    <\/h4>\n\t\t\t<div class=\"sc_services_item_subtitle\"><a href=\"https:\/\/handy-in-not.de\/en\/services_group\/notebook-ankauf\/\" title=\"View all posts in Notebook - Ankauf\">Notebook - Ankauf<\/a><\/div>\n\t\t<\/div>\n\t\t\t\t\t<div class=\"sc_services_item_content\"><p>W\u00e4hle Dein Model, beschreibe uns den Zustand und wir erstellen Dir ein unverbindliches Angebot.<\/p>\n<\/div>\n\t\t\t<div class=\"sc_services_item_button sc_item_button\"><a href=\"https:\/\/handy-in-not.de\/en\/services\/asus-notebook-ankauf\/\" class=\"sc_button sc_button_simple\">Learn more<\/a><\/div>\n\t\t\t<\/div>\n<\/div>\n<\/div><div class=\"trx_addons_column-1_3\"><div class=\"sc_services_item with_content with_icon sc_services_item_featured_top even\">\n\t\n\n\n                    <a href=\"https:\/\/handy-in-not.de\/en\/services\/hp-notebook-ankauf\/\"\n               id=\"sc_services_2136822571_icon-001-laptop_4\"\n               class=\"sc_services_item_icon icon-001-laptop\"><\/a>\n\n\n        \n\n        \t\n\t<div class=\"sc_services_item_info\">\n\t\t<div class=\"sc_services_item_header\">\n\t\t\t<h4 class=\"sc_services_item_title\">\n                            <a href=\"https:\/\/handy-in-not.de\/en\/services\/hp-notebook-ankauf\/\">HP Notebook <br>Ankauf<\/a>\n            \n    <\/h4>\n\t\t\t<div class=\"sc_services_item_subtitle\"><a href=\"https:\/\/handy-in-not.de\/en\/services_group\/notebook-ankauf\/\" title=\"View all posts in Notebook - Ankauf\">Notebook - Ankauf<\/a><\/div>\n\t\t<\/div>\n\t\t\t\t\t<div class=\"sc_services_item_content\"><p>W\u00e4hle Dein Model, beschreibe uns den Zustand und wir erstellen Dir ein unverbindliches Angebot.<\/p>\n<\/div>\n\t\t\t<div class=\"sc_services_item_button sc_item_button\"><a href=\"https:\/\/handy-in-not.de\/en\/services\/hp-notebook-ankauf\/\" class=\"sc_button sc_button_simple\">Learn more<\/a><\/div>\n\t\t\t<\/div>\n<\/div>\n<\/div><div class=\"trx_addons_column-1_3\"><div class=\"sc_services_item with_content with_icon sc_services_item_featured_top odd\">\n\t\n\n\n                    <a href=\"https:\/\/handy-in-not.de\/en\/services\/dell-notebook-ankauf\/\"\n               id=\"sc_services_2136822571_icon-001-laptop_5\"\n               class=\"sc_services_item_icon icon-001-laptop\"><\/a>\n\n\n        \n\n        \t\n\t<div class=\"sc_services_item_info\">\n\t\t<div class=\"sc_services_item_header\">\n\t\t\t<h4 class=\"sc_services_item_title\">\n                            <a href=\"https:\/\/handy-in-not.de\/en\/services\/dell-notebook-ankauf\/\">Dell Notebook <br>Ankauf<\/a>\n            \n    <\/h4>\n\t\t\t<div class=\"sc_services_item_subtitle\"><a href=\"https:\/\/handy-in-not.de\/en\/services_group\/notebook-ankauf\/\" title=\"View all posts in Notebook - Ankauf\">Notebook - Ankauf<\/a><\/div>\n\t\t<\/div>\n\t\t\t\t\t<div class=\"sc_services_item_content\"><p>W\u00e4hle Dein Model, beschreibe uns den Zustand und wir erstellen Dir ein unverbindliches Angebot.<\/p>\n<\/div>\n\t\t\t<div class=\"sc_services_item_button sc_item_button\"><a href=\"https:\/\/handy-in-not.de\/en\/services\/dell-notebook-ankauf\/\" class=\"sc_button sc_button_simple\">Learn more<\/a><\/div>\n\t\t\t<\/div>\n<\/div>\n<\/div><div class=\"trx_addons_column-1_3\"><div class=\"sc_services_item with_content with_icon sc_services_item_featured_top even\">\n\t\n\n\n                    <a href=\"https:\/\/handy-in-not.de\/en\/services\/lenovo-notebook-ankauf\/\"\n               id=\"sc_services_2136822571_icon-001-laptop_6\"\n               class=\"sc_services_item_icon icon-001-laptop\"><\/a>\n\n\n        \n\n        \t\n\t<div class=\"sc_services_item_info\">\n\t\t<div class=\"sc_services_item_header\">\n\t\t\t<h4 class=\"sc_services_item_title\">\n                            <a href=\"https:\/\/handy-in-not.de\/en\/services\/lenovo-notebook-ankauf\/\">Lenovo Notebook <br>Ankauf<\/a>\n            \n    <\/h4>\n\t\t\t<div class=\"sc_services_item_subtitle\"><a href=\"https:\/\/handy-in-not.de\/en\/services_group\/notebook-ankauf\/\" title=\"View all posts in Notebook - Ankauf\">Notebook - Ankauf<\/a><\/div>\n\t\t<\/div>\n\t\t\t\t\t<div class=\"sc_services_item_content\"><p>W\u00e4hle Dein Model, beschreibe uns den Zustand und wir erstellen Dir ein unverbindliches Angebot.<\/p>\n<\/div>\n\t\t\t<div class=\"sc_services_item_button sc_item_button\"><a href=\"https:\/\/handy-in-not.de\/en\/services\/lenovo-notebook-ankauf\/\" class=\"sc_button sc_button_simple\">Learn more<\/a><\/div>\n\t\t\t<\/div>\n<\/div>\n<\/div><\/div><\/div><!-- \/.sc_services --><\/div><\/div><\/div><\/div><\/div><\/div><\/div><\/div><div data-vc-full-width=\"true\" data-vc-full-width-init=\"false\" class=\"vc_row wpb_row vc_row-fluid vc_custom_1585074518919 vc_row-has-fill hide_bg_image_on_mobile\"><div class=\"wpb_column vc_column_container vc_col-sm-6 sc_layouts_column_icons_position_left\"><div class=\"vc_column-inner\"><div class=\"wpb_wrapper\"><div class=\"vc_empty_space  vc_custom_1508316908257 height_huge\"   style=\"height: 32px\"><span class=\"vc_empty_space_inner\"><\/span><\/div><div id=\"sc_title_1242842771\"\r\n\t\tclass=\"sc_title color_style_default sc_title_default\"><h3 class=\"sc_item_title sc_title_title sc_align_left sc_item_title_style_default sc_item_title_tag\">Schnell und Flexible!<\/h3><div class=\"sc_item_descr sc_title_descr sc_align_left\"><p>Wir, bei Kumaxxit, sind stets auf der Suche nach Gebrauchtwaren sowie B - Waren in kleinen als auch in gro\u00dfen Mengen. Kontaktiere uns \u00fcber unser Kontaktformular, beschreib uns den Zustand deines Ger\u00e4tes oder schau bei einer unserer Filialen vorbei. Wir freuen uns drauf!<\/p>\n<\/div><\/div><!-- \/.sc_title --><div class=\"vc_empty_space  vc_custom_1508317155380 height_tiny\"   style=\"height: 32px\"><span class=\"vc_empty_space_inner\"><\/span><\/div><a href=\"\/en\/kontakt\/\" id=\"sc_button_461190992\" class=\"sc_button color_style_default sc_button_default sc_button_size_large sc_button_icon_left\"><span class=\"sc_button_text\"><span class=\"sc_button_title\">Kontaktiere uns!<\/span><\/span><!-- \/.sc_button_text --><\/a><!-- \/.sc_button --><div class=\"vc_empty_space  vc_custom_1508317180500 height_huge\"   style=\"height: 32px\"><span class=\"vc_empty_space_inner\"><\/span><\/div><\/div><\/div><\/div><\/div><div class=\"vc_row-full-width vc_clearfix\"><\/div>\n<\/div>","protected":false},"excerpt":{"rendered":"Lenovo Ankauf Service Lenovo Notebook Ankauf - faire Preise f\u00fcr Ihr Notebook. Besuche unser Ankauf-Formular, w\u00e4hle dort das Model Deines Notebook aus und beschreibe uns bitte den Zustand. Einer unserer&hellip;","protected":false},"author":1,"featured_media":0,"parent":0,"menu_order":0,"comment_status":"closed","ping_status":"closed","template":"","meta":{"footnotes":""},"class_list":["post-908","page","type-page","status-publish","hentry"],"yoast_head":"<!-- This site is optimized with the Yoast SEO plugin v25.7 - https:\/\/yoast.com\/wordpress\/plugins\/seo\/ -->\n<title>Notebook - Ankauf - faire Preise f\u00fcr Ihr Smartphone<\/title>\n<meta name=\"description\" content=\"Notebook Ankauf - Handy in Not bietet nicht nur Reparaturservice sondern kauft auch Dein gebrauchtes Notebook und das zu wirklich fairen Preisen\" \/>\n<meta name=\"robots\" content=\"index, follow, max-snippet:-1, max-image-preview:large, max-video-preview:-1\" \/>\n<link rel=\"canonical\" href=\"https:\/\/handy-in-not.de\/en\/notebook-ankauf\/\" \/>\n<meta property=\"og:locale\" content=\"en_US\" \/>\n<meta property=\"og:type\" content=\"article\" \/>\n<meta property=\"og:title\" content=\"Notebook - Ankauf - faire Preise f\u00fcr Ihr Smartphone\" \/>\n<meta property=\"og:description\" content=\"Notebook Ankauf - Handy in Not bietet nicht nur Reparaturservice sondern kauft auch Dein gebrauchtes Notebook und das zu wirklich fairen Preisen\" \/>\n<meta property=\"og:url\" content=\"https:\/\/handy-in-not.de\/en\/notebook-ankauf\/\" \/>\n<meta property=\"og:site_name\" content=\"Handy-in-not.de\" \/>\n<meta property=\"article:modified_time\" content=\"2020-11-10T10:52:34+00:00\" \/>\n<meta name=\"twitter:card\" content=\"summary_large_image\" \/>\n<meta name=\"twitter:label1\" content=\"Est. reading time\" \/>\n\t<meta name=\"twitter:data1\" content=\"4 minutes\" \/>\n<script type=\"application\/ld+json\" class=\"yoast-schema-graph\">{\"@context\":\"https:\/\/schema.org\",\"@graph\":[{\"@type\":\"WebPage\",\"@id\":\"https:\/\/handy-in-not.de\/notebook-ankauf\/\",\"url\":\"https:\/\/handy-in-not.de\/notebook-ankauf\/\",\"name\":\"Notebook - Ankauf - faire Preise f\u00fcr Ihr Smartphone\",\"isPartOf\":{\"@id\":\"https:\/\/handy-in-not.de\/#website\"},\"datePublished\":\"2020-03-19T12:41:42+00:00\",\"dateModified\":\"2020-11-10T10:52:34+00:00\",\"description\":\"Notebook Ankauf - Handy in Not bietet nicht nur Reparaturservice sondern kauft auch Dein gebrauchtes Notebook und das zu wirklich fairen Preisen\",\"breadcrumb\":{\"@id\":\"https:\/\/handy-in-not.de\/notebook-ankauf\/#breadcrumb\"},\"inLanguage\":\"en-US\",\"potentialAction\":[{\"@type\":\"ReadAction\",\"target\":[\"https:\/\/handy-in-not.de\/notebook-ankauf\/\"]}]},{\"@type\":\"BreadcrumbList\",\"@id\":\"https:\/\/handy-in-not.de\/notebook-ankauf\/#breadcrumb\",\"itemListElement\":[{\"@type\":\"ListItem\",\"position\":1,\"name\":\"Startseite\",\"item\":\"https:\/\/handy-in-not.de\/\"},{\"@type\":\"ListItem\",\"position\":2,\"name\":\"Notebook &#8211; Ankauf\"}]},{\"@type\":\"WebSite\",\"@id\":\"https:\/\/handy-in-not.de\/#website\",\"url\":\"https:\/\/handy-in-not.de\/\",\"name\":\"Handy-in-not.de\",\"description\":\"Ein Service von KumaxxIT\",\"publisher\":{\"@id\":\"https:\/\/handy-in-not.de\/#organization\"},\"potentialAction\":[{\"@type\":\"SearchAction\",\"target\":{\"@type\":\"EntryPoint\",\"urlTemplate\":\"https:\/\/handy-in-not.de\/?s={search_term_string}\"},\"query-input\":{\"@type\":\"PropertyValueSpecification\",\"valueRequired\":true,\"valueName\":\"search_term_string\"}}],\"inLanguage\":\"en-US\"},{\"@type\":\"Organization\",\"@id\":\"https:\/\/handy-in-not.de\/#organization\",\"name\":\"KumaxxIT\",\"url\":\"https:\/\/handy-in-not.de\/\",\"logo\":{\"@type\":\"ImageObject\",\"inLanguage\":\"en-US\",\"@id\":\"https:\/\/handy-in-not.de\/#\/schema\/logo\/image\/\",\"url\":\"\",\"contentUrl\":\"\",\"caption\":\"KumaxxIT\"},\"image\":{\"@id\":\"https:\/\/handy-in-not.de\/#\/schema\/logo\/image\/\"}}]}<\/script>\n<!-- \/ Yoast SEO plugin. -->","yoast_head_json":{"title":"Notebook - Ankauf - faire Preise f\u00fcr Ihr Smartphone","description":"Notebook Ankauf - Handy in Not bietet nicht nur Reparaturservice sondern kauft auch Dein gebrauchtes Notebook und das zu wirklich fairen Preisen","robots":{"index":"index","follow":"follow","max-snippet":"max-snippet:-1","max-image-preview":"max-image-preview:large","max-video-preview":"max-video-preview:-1"},"canonical":"https:\/\/handy-in-not.de\/en\/notebook-ankauf\/","og_locale":"en_US","og_type":"article","og_title":"Notebook - Ankauf - faire Preise f\u00fcr Ihr Smartphone","og_description":"Notebook Ankauf - Handy in Not bietet nicht nur Reparaturservice sondern kauft auch Dein gebrauchtes Notebook und das zu wirklich fairen Preisen","og_url":"https:\/\/handy-in-not.de\/en\/notebook-ankauf\/","og_site_name":"Handy-in-not.de","article_modified_time":"2020-11-10T10:52:34+00:00","twitter_card":"summary_large_image","twitter_misc":{"Est. reading time":"4 minutes"},"schema":{"@context":"https:\/\/schema.org","@graph":[{"@type":"WebPage","@id":"https:\/\/handy-in-not.de\/notebook-ankauf\/","url":"https:\/\/handy-in-not.de\/notebook-ankauf\/","name":"Notebook - Ankauf - faire Preise f\u00fcr Ihr Smartphone","isPartOf":{"@id":"https:\/\/handy-in-not.de\/#website"},"datePublished":"2020-03-19T12:41:42+00:00","dateModified":"2020-11-10T10:52:34+00:00","description":"Notebook Ankauf - Handy in Not bietet nicht nur Reparaturservice sondern kauft auch Dein gebrauchtes Notebook und das zu wirklich fairen Preisen","breadcrumb":{"@id":"https:\/\/handy-in-not.de\/notebook-ankauf\/#breadcrumb"},"inLanguage":"en-US","potentialAction":[{"@type":"ReadAction","target":["https:\/\/handy-in-not.de\/notebook-ankauf\/"]}]},{"@type":"BreadcrumbList","@id":"https:\/\/handy-in-not.de\/notebook-ankauf\/#breadcrumb","itemListElement":[{"@type":"ListItem","position":1,"name":"Startseite","item":"https:\/\/handy-in-not.de\/"},{"@type":"ListItem","position":2,"name":"Notebook &#8211; Ankauf"}]},{"@type":"WebSite","@id":"https:\/\/handy-in-not.de\/#website","url":"https:\/\/handy-in-not.de\/","name":"Handy-in-not.de","description":"Ein Service von KumaxxIT","publisher":{"@id":"https:\/\/handy-in-not.de\/#organization"},"potentialAction":[{"@type":"SearchAction","target":{"@type":"EntryPoint","urlTemplate":"https:\/\/handy-in-not.de\/?s={search_term_string}"},"query-input":{"@type":"PropertyValueSpecification","valueRequired":true,"valueName":"search_term_string"}}],"inLanguage":"en-US"},{"@type":"Organization","@id":"https:\/\/handy-in-not.de\/#organization","name":"KumaxxIT","url":"https:\/\/handy-in-not.de\/","logo":{"@type":"ImageObject","inLanguage":"en-US","@id":"https:\/\/handy-in-not.de\/#\/schema\/logo\/image\/","url":"","contentUrl":"","caption":"KumaxxIT"},"image":{"@id":"https:\/\/handy-in-not.de\/#\/schema\/logo\/image\/"}}]}},"_links":{"self":[{"href":"https:\/\/handy-in-not.de\/en\/wp-json\/wp\/v2\/pages\/908","targetHints":{"allow":["GET"]}}],"collection":[{"href":"https:\/\/handy-in-not.de\/en\/wp-json\/wp\/v2\/pages"}],"about":[{"href":"https:\/\/handy-in-not.de\/en\/wp-json\/wp\/v2\/types\/page"}],"author":[{"embeddable":true,"href":"https:\/\/handy-in-not.de\/en\/wp-json\/wp\/v2\/users\/1"}],"replies":[{"embeddable":true,"href":"https:\/\/handy-in-not.de\/en\/wp-json\/wp\/v2\/comments?post=908"}],"version-history":[{"count":14,"href":"https:\/\/handy-in-not.de\/en\/wp-json\/wp\/v2\/pages\/908\/revisions"}],"predecessor-version":[{"id":1685,"href":"https:\/\/handy-in-not.de\/en\/wp-json\/wp\/v2\/pages\/908\/revisions\/1685"}],"wp:attachment":[{"href":"https:\/\/handy-in-not.de\/en\/wp-json\/wp\/v2\/media?parent=908"}],"curies":[{"name":"wp","href":"https:\/\/api.w.org\/{rel}","templated":true}]}}