{"id":90,"date":"2017-07-31T14:05:52","date_gmt":"2017-07-31T14:05:52","guid":{"rendered":"http:\/\/handy-in-not.de\/?page_id=90"},"modified":"2022-10-14T10:10:20","modified_gmt":"2022-10-14T08:10:20","slug":"ladenlokale","status":"publish","type":"page","link":"https:\/\/handy-in-not.de\/en\/ladenlokale\/","title":{"rendered":"Ladenlokale"},"content":{"rendered":"<div class=\"wpb-content-wrapper\"><div class=\"vc_row wpb_row vc_row-fluid\"><div class=\"wpb_column vc_column_container vc_col-sm-12 sc_layouts_column_icons_position_left\"><div class=\"vc_column-inner\"><div class=\"wpb_wrapper\"><div class=\"vc_empty_space  vc_custom_1508826624810 height_huge\"   style=\"height: 32px\"><span class=\"vc_empty_space_inner\"><\/span><\/div><div id=\"sc_title_1257096713\"\r\n\t\tclass=\"sc_title color_style_default sc_title_default\"><h3 class=\"sc_item_title sc_title_title sc_align_center sc_item_title_style_default\">Ladenlokale<\/h3><\/div><!-- \/.sc_title --><div class=\"vc_empty_space  vc_custom_1508826624810 height_huge\"   style=\"height: 32px\"><span class=\"vc_empty_space_inner\"><\/span><\/div><\/div><\/div><\/div><\/div><div data-vc-full-width=\"true\" data-vc-full-width-init=\"false\" data-vc-stretch-content=\"true\" class=\"vc_row wpb_row vc_row-fluid vc_row-no-padding vc_row-o-equal-height vc_row-flex\"><div class=\"wpb_column vc_column_container vc_col-sm-12 sc_layouts_column_icons_position_left\"><div class=\"vc_column-inner\"><div class=\"wpb_wrapper\"><div class=\"vc_row wpb_row vc_inner vc_row-fluid\"><div class=\"wpb_column vc_column_container vc_col-sm-12 sc_layouts_column_icons_position_left\"><div class=\"vc_column-inner\"><div class=\"wpb_wrapper\"><div id=\"lvca-spacer-69e88a3cb2ad9\" class=\"lvca-spacer\" data-settings='{&quot;desktop_spacing&quot;:50,&quot;tablet_spacing&quot;:30,&quot;tablet_width&quot;:960,&quot;mobile_spacing&quot;:10,&quot;mobile_width&quot;:480}'><\/div><\/div><\/div><\/div><\/div><\/div><\/div><\/div><\/div><div class=\"vc_row-full-width vc_clearfix\"><\/div><div class=\"vc_row wpb_row vc_row-fluid\"><div class=\"wpb_column vc_column_container vc_col-sm-4 sc_layouts_column_icons_position_left\"><div class=\"vc_column-inner\"><div class=\"wpb_wrapper\"><div id=\"sc_content_646106568\"\r\n\t\tclass=\"sc_content color_style_default sc_content_default sc_float_center sc_align_left sc_padding_large rounded_large shadowed  vc_custom_1591031265752\"><div class=\"sc_content_container\">\n\t<div class=\"wpb_text_column wpb_content_element\" >\n\t\t<div class=\"wpb_wrapper\">\n\t\t\t<h6 class=\"trx_addons_no_margin\"><span style=\"color: #ffffff;\">Kumaxxit, D\u00fcren<\/span><\/h6>\n\n\t\t<\/div>\n\t<\/div>\n<div class=\"vc_empty_space  vc_custom_1508827193220 height_small\"   style=\"height: 32px\"><span class=\"vc_empty_space_inner\"><\/span><\/div>\n\t<div  class=\"wpb_single_image wpb_content_element vc_align_left wpb_content_element\">\n\t\t\n\t\t<figure class=\"wpb_wrapper vc_figure\">\n\t\t\t<div class=\"vc_single_image-wrapper   vc_box_border_grey\"><img loading=\"lazy\" decoding=\"async\" width=\"294\" height=\"180\" src=\"https:\/\/handy-in-not.de\/wp-content\/uploads\/2020\/03\/lokal-kumaxxit.jpg\" class=\"vc_single_image-img attachment-full\" alt=\"\" title=\"lokal-kumaxxit\" \/><\/div>\n\t\t<\/figure>\n\t<\/div>\n<div class=\"vc_empty_space  vc_custom_1508827268428 height_small\"   style=\"height: 32px\"><span class=\"vc_empty_space_inner\"><\/span><\/div>\n\t<div class=\"wpb_text_column wpb_content_element\" >\n\t\t<div class=\"wpb_wrapper\">\n\t\t\t<p>Zollhausstra\u00dfe 54,<br \/>\n52353 D\u00fcren<br \/>\n<a class=\"r-i3zlBuXaO9WE\" href=\"https:\/\/www.google.com\/search?q=kumaxxit+d%C3%BCren&amp;rlz=1C1CHBF_deDE724DE724&amp;oq=kumaxxit+d%C3%BCren&amp;aqs=chrome..69i57j0.3573j0j7&amp;sourceid=chrome&amp;ie=UTF-8#\" data-dtype=\"d3ifr\" data-local-attribute=\"d3ph\" data-rtid=\"i3zlBuXaO9WE\" data-ved=\"2ahUKEwiCoZOI7aToAhUlt3EKHfqBB_0QkAgoADATegQIDxAD\"><span class=\"zgWrF\">02421 9728500<\/span><\/a><br \/>\nMo-Fr: 10.00 &#8211; 18.30 Uhr<br \/>\nSa: 10.00 &#8211; 18.30 Uhr<\/p>\n\n\t\t<\/div>\n\t<\/div>\n<div class=\"vc_empty_space  vc_custom_1508827230279 height_small\"   style=\"height: 32px\"><span class=\"vc_empty_space_inner\"><\/span><\/div><a href=\"\/en\/kontakt-dueren\/\" id=\"sc_button_1362003393\" class=\"sc_button color_style_link3 sc_button_default sc_button_size_normal sc_button_icon_left\"><span class=\"sc_button_text\"><span class=\"sc_button_title\">Kontaktiere uns!<\/span><\/span><!-- \/.sc_button_text --><\/a><!-- \/.sc_button --><\/div><\/div><!-- \/.sc_content --><\/div><\/div><\/div><div class=\"wpb_column vc_column_container vc_col-sm-8 sc_layouts_column_icons_position_left\"><div class=\"vc_column-inner\"><div class=\"wpb_wrapper\"><div id=\"sc_googlemap_1673915274_wrap\" class=\"sc_googlemap_wrap\"><div id=\"sc_googlemap_1673915274\"\r\n\t\t\tclass=\"sc_googlemap sc_googlemap_default\"\r\n\t\t\t style=\"width:100%;height:580px;\"\t\t\tdata-zoom=\"12\"\r\n\t\t\tdata-style=\"dark\"\r\n\t\t\tdata-cluster-icon=\"\"\r\n\t\t\t><div class=\"BorlabsCookie _brlbs-cb-googlemaps\"><div class=\"_brlbs-content-blocker\"> <div class=\"_brlbs-embed _brlbs-google-maps\"> <img class=\"_brlbs-thumbnail\" src=\"https:\/\/handy-in-not.de\/wp-content\/plugins\/borlabs-cookie\/assets\/images\/cb-maps.png\" alt=\"Google Maps\"> <div class=\"_brlbs-caption\"> <p>Mit dem Laden der Karte akzeptieren Sie die Datenschutzerkl\u00e4rung von Google.<br><a href=\"https:\/\/policies.google.com\/privacy\" target=\"_blank\" rel=\"nofollow noopener noreferrer\">Mehr erfahren<\/a><\/p> <p><a class=\"_brlbs-btn\" href=\"#\" data-borlabs-cookie-unblock role=\"button\">Karte laden<\/a><\/p> <p><label><input type=\"checkbox\" name=\"unblockAll\" value=\"1\" checked> <small>Google Maps immer entsperren<\/small><\/label><\/p> <\/div> <\/div> <\/div><div class=\"borlabs-hide\" data-borlabs-cookie-type=\"content-blocker\" data-borlabs-cookie-id=\"googlemaps\"><script type=\"text\/template\">PGlmcmFtZQ0KICAgICAgICAgICAgICAgICAgICBzcmM9Imh0dHBzOi8vbWFwcy5nb29nbGUuY29tL21hcHM\/dD1tJm91dHB1dD1lbWJlZCZpd2xvYz1uZWFyJno9MTImcT1ab2xsaGF1c3N0cmElQzMlOUZlKzU0JTJDKzUyMzUzK0QlQzMlQkNyZW4iDQogICAgICAgICAgICAgICAgICAgIHNjcm9sbGluZz0ibm8iDQogICAgICAgICAgICAgICAgICAgIG1hcmdpbmhlaWdodD0iMCINCiAgICAgICAgICAgICAgICAgICAgbWFyZ2lud2lkdGg9IjAiDQogICAgICAgICAgICAgICAgICAgIGZyYW1lYm9yZGVyPSIwIg0KICAgICAgICAgICAgICAgICAgICBhcmlhLWxhYmVsPSIiPjwvaWZyYW1lPg==<\/script><\/div><\/div><\/div><\/div><!-- \/.sc_googlemap_wrap --><\/div><\/div><\/div><\/div><div data-vc-full-width=\"true\" data-vc-full-width-init=\"false\" data-vc-stretch-content=\"true\" class=\"vc_row wpb_row vc_row-fluid vc_row-no-padding vc_row-o-equal-height vc_row-flex\"><div class=\"wpb_column vc_column_container vc_col-sm-12 sc_layouts_column_icons_position_left\"><div class=\"vc_column-inner\"><div class=\"wpb_wrapper\"><div class=\"vc_row wpb_row vc_inner vc_row-fluid\"><div class=\"wpb_column vc_column_container vc_col-sm-12 sc_layouts_column_icons_position_left\"><div class=\"vc_column-inner\"><div class=\"wpb_wrapper\"><div id=\"lvca-spacer-69e88a3cb7729\" class=\"lvca-spacer\" data-settings='{&quot;desktop_spacing&quot;:50,&quot;tablet_spacing&quot;:30,&quot;tablet_width&quot;:960,&quot;mobile_spacing&quot;:10,&quot;mobile_width&quot;:480}'><\/div><\/div><\/div><\/div><\/div><\/div><\/div><\/div><\/div><div class=\"vc_row-full-width vc_clearfix\"><\/div><div data-vc-full-width=\"true\" data-vc-full-width-init=\"false\" data-vc-stretch-content=\"true\" class=\"vc_row wpb_row vc_row-fluid vc_row-no-padding vc_row-o-equal-height vc_row-flex\"><div class=\"wpb_column vc_column_container vc_col-sm-12 sc_layouts_column_icons_position_left\"><div class=\"vc_column-inner\"><div class=\"wpb_wrapper\"><\/div><\/div><\/div><\/div><div class=\"vc_row-full-width vc_clearfix\"><\/div>\n<\/div>","protected":false},"excerpt":{"rendered":"Ladenlokale Kumaxxit, D\u00fcren Zollhausstra\u00dfe 54, 52353 D\u00fcren 02421 9728500 Mo-Fr: 10.00 - 18.30 Uhr Sa: 10.00 - 18.30 Uhr Kontaktiere uns!","protected":false},"author":1,"featured_media":0,"parent":0,"menu_order":0,"comment_status":"closed","ping_status":"closed","template":"","meta":{"footnotes":""},"class_list":["post-90","page","type-page","status-publish","hentry"],"yoast_head":"<!-- This site is optimized with the Yoast SEO plugin v25.7 - https:\/\/yoast.com\/wordpress\/plugins\/seo\/ -->\n<title>Ladenlokale - Handy-in-not.de<\/title>\n<meta name=\"robots\" content=\"index, follow, max-snippet:-1, max-image-preview:large, max-video-preview:-1\" \/>\n<link rel=\"canonical\" href=\"https:\/\/handy-in-not.de\/en\/ladenlokale\/\" \/>\n<meta property=\"og:locale\" content=\"en_US\" \/>\n<meta property=\"og:type\" content=\"article\" \/>\n<meta property=\"og:title\" content=\"Ladenlokale - Handy-in-not.de\" \/>\n<meta property=\"og:url\" content=\"https:\/\/handy-in-not.de\/en\/ladenlokale\/\" \/>\n<meta property=\"og:site_name\" content=\"Handy-in-not.de\" \/>\n<meta property=\"article:modified_time\" content=\"2022-10-14T08:10:20+00:00\" \/>\n<meta name=\"twitter:card\" content=\"summary_large_image\" \/>\n<meta name=\"twitter:label1\" content=\"Est. reading time\" \/>\n\t<meta name=\"twitter:data1\" content=\"1 minute\" \/>\n<script type=\"application\/ld+json\" class=\"yoast-schema-graph\">{\"@context\":\"https:\/\/schema.org\",\"@graph\":[{\"@type\":\"WebPage\",\"@id\":\"https:\/\/handy-in-not.de\/ladenlokale\/\",\"url\":\"https:\/\/handy-in-not.de\/ladenlokale\/\",\"name\":\"Ladenlokale - Handy-in-not.de\",\"isPartOf\":{\"@id\":\"https:\/\/handy-in-not.de\/#website\"},\"datePublished\":\"2017-07-31T14:05:52+00:00\",\"dateModified\":\"2022-10-14T08:10:20+00:00\",\"breadcrumb\":{\"@id\":\"https:\/\/handy-in-not.de\/ladenlokale\/#breadcrumb\"},\"inLanguage\":\"en-US\",\"potentialAction\":[{\"@type\":\"ReadAction\",\"target\":[\"https:\/\/handy-in-not.de\/ladenlokale\/\"]}]},{\"@type\":\"BreadcrumbList\",\"@id\":\"https:\/\/handy-in-not.de\/ladenlokale\/#breadcrumb\",\"itemListElement\":[{\"@type\":\"ListItem\",\"position\":1,\"name\":\"Startseite\",\"item\":\"https:\/\/handy-in-not.de\/\"},{\"@type\":\"ListItem\",\"position\":2,\"name\":\"Ladenlokale\"}]},{\"@type\":\"WebSite\",\"@id\":\"https:\/\/handy-in-not.de\/#website\",\"url\":\"https:\/\/handy-in-not.de\/\",\"name\":\"Handy-in-not.de\",\"description\":\"Ein Service von KumaxxIT\",\"publisher\":{\"@id\":\"https:\/\/handy-in-not.de\/#organization\"},\"potentialAction\":[{\"@type\":\"SearchAction\",\"target\":{\"@type\":\"EntryPoint\",\"urlTemplate\":\"https:\/\/handy-in-not.de\/?s={search_term_string}\"},\"query-input\":{\"@type\":\"PropertyValueSpecification\",\"valueRequired\":true,\"valueName\":\"search_term_string\"}}],\"inLanguage\":\"en-US\"},{\"@type\":\"Organization\",\"@id\":\"https:\/\/handy-in-not.de\/#organization\",\"name\":\"KumaxxIT\",\"url\":\"https:\/\/handy-in-not.de\/\",\"logo\":{\"@type\":\"ImageObject\",\"inLanguage\":\"en-US\",\"@id\":\"https:\/\/handy-in-not.de\/#\/schema\/logo\/image\/\",\"url\":\"\",\"contentUrl\":\"\",\"caption\":\"KumaxxIT\"},\"image\":{\"@id\":\"https:\/\/handy-in-not.de\/#\/schema\/logo\/image\/\"}}]}<\/script>\n<!-- \/ Yoast SEO plugin. -->","yoast_head_json":{"title":"Ladenlokale - Handy-in-not.de","robots":{"index":"index","follow":"follow","max-snippet":"max-snippet:-1","max-image-preview":"max-image-preview:large","max-video-preview":"max-video-preview:-1"},"canonical":"https:\/\/handy-in-not.de\/en\/ladenlokale\/","og_locale":"en_US","og_type":"article","og_title":"Ladenlokale - Handy-in-not.de","og_url":"https:\/\/handy-in-not.de\/en\/ladenlokale\/","og_site_name":"Handy-in-not.de","article_modified_time":"2022-10-14T08:10:20+00:00","twitter_card":"summary_large_image","twitter_misc":{"Est. reading time":"1 minute"},"schema":{"@context":"https:\/\/schema.org","@graph":[{"@type":"WebPage","@id":"https:\/\/handy-in-not.de\/ladenlokale\/","url":"https:\/\/handy-in-not.de\/ladenlokale\/","name":"Ladenlokale - Handy-in-not.de","isPartOf":{"@id":"https:\/\/handy-in-not.de\/#website"},"datePublished":"2017-07-31T14:05:52+00:00","dateModified":"2022-10-14T08:10:20+00:00","breadcrumb":{"@id":"https:\/\/handy-in-not.de\/ladenlokale\/#breadcrumb"},"inLanguage":"en-US","potentialAction":[{"@type":"ReadAction","target":["https:\/\/handy-in-not.de\/ladenlokale\/"]}]},{"@type":"BreadcrumbList","@id":"https:\/\/handy-in-not.de\/ladenlokale\/#breadcrumb","itemListElement":[{"@type":"ListItem","position":1,"name":"Startseite","item":"https:\/\/handy-in-not.de\/"},{"@type":"ListItem","position":2,"name":"Ladenlokale"}]},{"@type":"WebSite","@id":"https:\/\/handy-in-not.de\/#website","url":"https:\/\/handy-in-not.de\/","name":"Handy-in-not.de","description":"Ein Service von KumaxxIT","publisher":{"@id":"https:\/\/handy-in-not.de\/#organization"},"potentialAction":[{"@type":"SearchAction","target":{"@type":"EntryPoint","urlTemplate":"https:\/\/handy-in-not.de\/?s={search_term_string}"},"query-input":{"@type":"PropertyValueSpecification","valueRequired":true,"valueName":"search_term_string"}}],"inLanguage":"en-US"},{"@type":"Organization","@id":"https:\/\/handy-in-not.de\/#organization","name":"KumaxxIT","url":"https:\/\/handy-in-not.de\/","logo":{"@type":"ImageObject","inLanguage":"en-US","@id":"https:\/\/handy-in-not.de\/#\/schema\/logo\/image\/","url":"","contentUrl":"","caption":"KumaxxIT"},"image":{"@id":"https:\/\/handy-in-not.de\/#\/schema\/logo\/image\/"}}]}},"_links":{"self":[{"href":"https:\/\/handy-in-not.de\/en\/wp-json\/wp\/v2\/pages\/90","targetHints":{"allow":["GET"]}}],"collection":[{"href":"https:\/\/handy-in-not.de\/en\/wp-json\/wp\/v2\/pages"}],"about":[{"href":"https:\/\/handy-in-not.de\/en\/wp-json\/wp\/v2\/types\/page"}],"author":[{"embeddable":true,"href":"https:\/\/handy-in-not.de\/en\/wp-json\/wp\/v2\/users\/1"}],"replies":[{"embeddable":true,"href":"https:\/\/handy-in-not.de\/en\/wp-json\/wp\/v2\/comments?post=90"}],"version-history":[{"count":64,"href":"https:\/\/handy-in-not.de\/en\/wp-json\/wp\/v2\/pages\/90\/revisions"}],"predecessor-version":[{"id":2238,"href":"https:\/\/handy-in-not.de\/en\/wp-json\/wp\/v2\/pages\/90\/revisions\/2238"}],"wp:attachment":[{"href":"https:\/\/handy-in-not.de\/en\/wp-json\/wp\/v2\/media?parent=90"}],"curies":[{"name":"wp","href":"https:\/\/api.w.org\/{rel}","templated":true}]}}