{"id":217,"date":"2017-08-01T13:41:07","date_gmt":"2017-08-01T13:41:07","guid":{"rendered":"http:\/\/handy-in-not.de\/?page_id=217"},"modified":"2020-07-21T13:16:01","modified_gmt":"2020-07-21T11:16:01","slug":"unternehmen","status":"publish","type":"page","link":"https:\/\/handy-in-not.de\/en\/unternehmen\/","title":{"rendered":"Unternehmen"},"content":{"rendered":"<div class=\"wpb-content-wrapper\"><div class=\"vc_row wpb_row vc_row-fluid vc_row-o-content-middle vc_row-flex\"><div class=\"wpb_column vc_column_container vc_col-sm-12 sc_layouts_column_icons_position_left\"><div class=\"vc_column-inner\"><div class=\"wpb_wrapper\"><div class=\"vc_empty_space  vc_custom_1508932828371 height_small\"   style=\"height: 32px\"><span class=\"vc_empty_space_inner\"><\/span><\/div><\/div><\/div><\/div><div class=\"wpb_column vc_column_container vc_col-sm-5 sc_layouts_column_icons_position_left\"><div class=\"vc_column-inner\"><div class=\"wpb_wrapper\"><div id=\"sc_title_1509045273\"\r\n\t\tclass=\"sc_title color_style_default sc_title_default\"><h3 class=\"sc_item_title sc_title_title sc_align_left sc_item_title_style_default\">Unternehmen<\/h3><div class=\"sc_item_descr sc_title_descr sc_align_left\"><p>Unternehmen, H\u00e4ndler und Business - Partner. KumaxxIT ist ein IT - Unternehmen, welches sich auf die Reparatur von elektronischen Ger\u00e4te spezialisiert hat. Die jahrelange Erfahrung im Aufbereiten und Warten von Ger\u00e4ten sowie das Know-how in diesen Bereich sind die Grundlagen f\u00fcr unsere fachgerechte Beratung. Wir arbeiten eng mit den Kunden zusammen und gerne auch mit Dir! Kontaktiere uns oder schaue in einer unserer Filialen vorbei. Wir freuen uns auf Dich.<\/p>\n<\/div><\/div><!-- \/.sc_title --><\/div><\/div><\/div><div class=\"wpb_column vc_column_container vc_col-sm-7 vc_hidden-lg vc_hidden-md vc_hidden-sm sc_layouts_column_icons_position_left\"><div class=\"vc_column-inner\"><div class=\"wpb_wrapper\"><div class=\"vc_empty_space  height_medium\"   style=\"height: 32px\"><span class=\"vc_empty_space_inner\"><\/span><\/div><\/div><\/div><\/div><div class=\"wpb_column vc_column_container vc_col-sm-7 sc_layouts_column_icons_position_left\"><div class=\"vc_column-inner\"><div class=\"wpb_wrapper\">\n\t<div  class=\"wpb_single_image wpb_content_element vc_align_left wpb_content_element\">\n\t\t\n\t\t<figure class=\"wpb_wrapper vc_figure\">\n\t\t\t<div class=\"vc_single_image-wrapper   vc_box_border_grey\"><img loading=\"lazy\" decoding=\"async\" width=\"3000\" height=\"2000\" src=\"https:\/\/handy-in-not.de\/wp-content\/uploads\/2020\/03\/responsive-aboutus.png\" class=\"vc_single_image-img attachment-full\" alt=\"\" title=\"responsive-aboutus\" srcset=\"https:\/\/handy-in-not.de\/wp-content\/uploads\/2020\/03\/responsive-aboutus.png 3000w, https:\/\/handy-in-not.de\/wp-content\/uploads\/2020\/03\/responsive-aboutus-300x200.png 300w, https:\/\/handy-in-not.de\/wp-content\/uploads\/2020\/03\/responsive-aboutus-1024x683.png 1024w, https:\/\/handy-in-not.de\/wp-content\/uploads\/2020\/03\/responsive-aboutus-768x512.png 768w, https:\/\/handy-in-not.de\/wp-content\/uploads\/2020\/03\/responsive-aboutus-1536x1024.png 1536w, https:\/\/handy-in-not.de\/wp-content\/uploads\/2020\/03\/responsive-aboutus-2048x1365.png 2048w, https:\/\/handy-in-not.de\/wp-content\/uploads\/2020\/03\/responsive-aboutus-370x247.png 370w, https:\/\/handy-in-not.de\/wp-content\/uploads\/2020\/03\/responsive-aboutus-760x507.png 760w, https:\/\/handy-in-not.de\/wp-content\/uploads\/2020\/03\/responsive-aboutus-600x400.png 600w\" sizes=\"auto, (max-width: 3000px) 100vw, 3000px\" \/><\/div>\n\t\t<\/figure>\n\t<\/div>\n<\/div><\/div><\/div><div class=\"wpb_column vc_column_container vc_col-sm-12 sc_layouts_column_icons_position_left\"><div class=\"vc_column-inner\"><div class=\"wpb_wrapper\"><div class=\"vc_empty_space  vc_custom_1508932852060 height_huge\"   style=\"height: 32px\"><span class=\"vc_empty_space_inner\"><\/span><\/div><\/div><\/div><\/div><\/div><div class=\"vc_row wpb_row vc_row-fluid\"><div class=\"wpb_column vc_column_container vc_col-sm-12 sc_layouts_column_icons_position_left\"><div class=\"vc_column-inner\"><div class=\"wpb_wrapper\"><div class=\"sc_layouts sc_layouts_default sc_layouts_300\"><div class=\"vc_row wpb_row vc_row-fluid\"><div class=\"wpb_column vc_column_container vc_col-sm-12 sc_layouts_column_icons_position_left\"><div class=\"vc_column-inner\"><div class=\"wpb_wrapper\"><div class=\"vc_empty_space  vc_custom_1509018344479 height_huge\"   style=\"height: 32px\"><span class=\"vc_empty_space_inner\"><\/span><\/div><div class=\"sc_testimonials color_style_default sc_testimonials_default\"><h3 class=\"sc_item_title sc_testimonials_title sc_align_center sc_item_title_style_default\">Das sagen unsere Kunden!<\/h3><div class=\"sc_testimonials_slider sc_item_slider slider_swiper_outer slider_outer slider_outer_controls slider_outer_controls_side slider_outer_nopagination slider_outer_one\">\r\n\t<div class=\"slider_container swiper-slider-container slider_swiper slider_noresize slider_controls slider_controls_side slider_nopagination slider_one\" data-slides-min-width=\"290\" data-pagination=\"bullets\">\r\n\t\t<div class=\"slides slider-wrapper swiper-wrapper sc_item_columns_1\"><div class=\"slider-slide swiper-slide\"><div class=\"sc_testimonials_item\">\n\t<div class=\"sc_testimonials_item_content\"><p>\u201cDie Techniker von handy-in-not.de sind sehr freundlich und kompetent und ich habe festgestellt, dass die Kosten trotz der Verwendung von original Ersatzteilen zum Teil g\u00fcnstiger waren als bei anderen Angeboten. Ich kann den Shop nur empfehlen.\u201d<\/p>\n        <div class=\"sc_testimonials_item_author_data\">\n            <h4 class=\"sc_testimonials_item_author_title\">Karen Sommer<\/h4>\n            <div class=\"sc_testimonials_item_author_subtitle\"><\/div>\n        <\/div>\n    <\/div>\n\t<div class=\"sc_testimonials_item_author\">\n\t\t\t\t\t<div class=\"sc_testimonials_item_author_avatar\"><img loading=\"lazy\" decoding=\"async\" width=\"600\" height=\"600\" src=\"https:\/\/handy-in-not.de\/wp-content\/uploads\/2019\/10\/handy-test.jpg\" class=\"attachment-trx_addons-thumb-testimonials size-trx_addons-thumb-testimonials wp-post-image\" alt=\"Karen Sommer\" srcset=\"https:\/\/handy-in-not.de\/wp-content\/uploads\/2019\/10\/handy-test.jpg 600w, https:\/\/handy-in-not.de\/wp-content\/uploads\/2019\/10\/handy-test-300x300.jpg 300w, https:\/\/handy-in-not.de\/wp-content\/uploads\/2019\/10\/handy-test-150x150.jpg 150w, https:\/\/handy-in-not.de\/wp-content\/uploads\/2019\/10\/handy-test-370x370.jpg 370w, https:\/\/handy-in-not.de\/wp-content\/uploads\/2019\/10\/handy-test-86x86.jpg 86w, https:\/\/handy-in-not.de\/wp-content\/uploads\/2019\/10\/handy-test-100x100.jpg 100w\" sizes=\"auto, (max-width: 600px) 100vw, 600px\" \/><\/div>\n\t\t\t<\/div>\n<\/div>\n<\/div><div class=\"slider-slide swiper-slide\"><div class=\"sc_testimonials_item\">\n\t<div class=\"sc_testimonials_item_content\"><p>\u201cIch habe mein Handy an handy-in-not.de verkauft und war positiv \u00fcberrascht \u00fcber den Preis den mein gebrauchtes Handy mir noch eingebracht hat. Top Angebot!\u201d<\/p>\n        <div class=\"sc_testimonials_item_author_data\">\n            <h4 class=\"sc_testimonials_item_author_title\">Daniel Heidelberg<\/h4>\n            <div class=\"sc_testimonials_item_author_subtitle\"><\/div>\n        <\/div>\n    <\/div>\n\t<div class=\"sc_testimonials_item_author\">\n\t\t\t<\/div>\n<\/div>\n<\/div><div class=\"slider-slide swiper-slide\"><div class=\"sc_testimonials_item\">\n\t<div class=\"sc_testimonials_item_content\"><p>\u201cIch suchte nach einer kompetenten und fachgerechten Beratung f\u00fcr mein Smartphone. Bei handy-in-not.de habe ich sie gefunden! Kann ich jedem nur empfehlen.\u201d<\/p>\n        <div class=\"sc_testimonials_item_author_data\">\n            <h4 class=\"sc_testimonials_item_author_title\">Susanne Finke<\/h4>\n            <div class=\"sc_testimonials_item_author_subtitle\"><\/div>\n        <\/div>\n    <\/div>\n\t<div class=\"sc_testimonials_item_author\">\n\t\t\t<\/div>\n<\/div>\n<\/div><\/div><div class=\"slider_controls_wrap\"><a class=\"slider_prev swiper-button-prev\" href=\"#\"><\/a><a class=\"slider_next swiper-button-next\" href=\"#\"><\/a><\/div><\/div><\/div><\/div><!-- \/.sc_testimonials --><\/div><\/div><\/div><\/div><\/div><div class=\"vc_empty_space  vc_custom_1509006991088 height_small\"   style=\"height: 32px\"><span class=\"vc_empty_space_inner\"><\/span><\/div><\/div><\/div><\/div><\/div><div class=\"vc_row wpb_row vc_row-fluid\"><div class=\"wpb_column vc_column_container vc_col-sm-12 sc_layouts_column_icons_position_left\"><div class=\"vc_column-inner\"><div class=\"wpb_wrapper\">\n\t<div class=\"wpb_text_column wpb_content_element\" >\n\t\t<div class=\"wpb_wrapper\">\n\t\t\t<hr \/>\n<h3>Kontaktiere uns<\/h3>\n<div class=\"dummy\"><\/div>\n\n\t\t<\/div>\n\t<\/div>\n\n<div class=\"wpcf7 no-js\" id=\"wpcf7-f629-o1\" lang=\"en-US\" dir=\"ltr\" data-wpcf7-id=\"629\">\n<div class=\"screen-reader-response\"><p role=\"status\" aria-live=\"polite\" aria-atomic=\"true\"><\/p> <ul><\/ul><\/div>\n<form action=\"\/en\/wp-json\/wp\/v2\/pages\/217#wpcf7-f629-o1\" method=\"post\" class=\"wpcf7-form init\" aria-label=\"Contact form\" novalidate=\"novalidate\" data-status=\"init\" data-trp-original-action=\"\/en\/wp-json\/wp\/v2\/pages\/217#wpcf7-f629-o1\">\n<fieldset class=\"hidden-fields-container\"><input type=\"hidden\" name=\"_wpcf7\" value=\"629\" \/><input type=\"hidden\" name=\"_wpcf7_version\" value=\"6.1.1\" \/><input type=\"hidden\" name=\"_wpcf7_locale\" value=\"en_US\" \/><input type=\"hidden\" name=\"_wpcf7_unit_tag\" value=\"wpcf7-f629-o1\" \/><input type=\"hidden\" name=\"_wpcf7_container_post\" value=\"0\" \/><input type=\"hidden\" name=\"_wpcf7_posted_data_hash\" value=\"\" \/>\n<\/fieldset>\n<div class='row'><span class=\"sc_form_field_title required\">Name<\/span><span class=\"sc_form_field_wrap\"><span class=\"wpcf7-form-control-wrap\" data-name=\"your-name\"><input size=\"40\" maxlength=\"400\" class=\"wpcf7-form-control wpcf7-text wpcf7-validates-as-required\" aria-required=\"true\" aria-invalid=\"false\" placeholder=\"Name, Vorname*\" value=\"\" type=\"text\" name=\"your-name\" \/><\/span><\/span><\/div>\n<div class='row'><span class=\"sc_form_field_title required\">Email<\/span><span class=\"sc_form_field_wrap\"><span class=\"wpcf7-form-control-wrap\" data-name=\"your-email\"><input size=\"40\" maxlength=\"400\" class=\"wpcf7-form-control wpcf7-email wpcf7-validates-as-required wpcf7-text wpcf7-validates-as-email\" aria-required=\"true\" aria-invalid=\"false\" placeholder=\"E - Mail*\" value=\"\" type=\"email\" name=\"your-email\" \/><\/span><\/span><\/div>\n<div class=''><span class=\"sc_form_field_title required\">Nachricht<\/span><span class=\"sc_form_field_wrap\"><span class=\"wpcf7-form-control-wrap\" data-name=\"your-message\"><textarea cols=\"40\" rows=\"10\" maxlength=\"2000\" class=\"wpcf7-form-control wpcf7-textarea wpcf7-validates-as-required\" aria-required=\"true\" aria-invalid=\"false\" placeholder=\"Nachricht*\" name=\"your-message\"><\/textarea><\/span><\/span><\/div>\n<div class=\"sc_form_field sc_form_field_button sc_form_field_submit\"><input class=\"wpcf7-form-control wpcf7-submit has-spinner\" type=\"submit\" value=\"Senden\" \/><\/div><div class=\"wpcf7-response-output\" aria-hidden=\"true\"><\/div>\n<input type=\"hidden\" name=\"trp-form-language\" value=\"en\"\/><\/form>\n<\/div>\n<\/div><\/div><\/div><\/div>\n<\/div>","protected":false},"excerpt":{"rendered":"\u201cIch suchte nach einer kompetenten und fachgerechten Beratung f\u00fcr mein Smartphone. Bei handy-in-not.de habe ich sie gefunden! Kann ich jedem nur empfehlen.\u201d","protected":false},"author":1,"featured_media":0,"parent":0,"menu_order":0,"comment_status":"closed","ping_status":"closed","template":"","meta":{"footnotes":""},"class_list":["post-217","page","type-page","status-publish","hentry"],"yoast_head":"<!-- This site is optimized with the Yoast SEO plugin v25.7 - https:\/\/yoast.com\/wordpress\/plugins\/seo\/ -->\n<title>Unternehmen - Handy-in-not.de<\/title>\n<meta name=\"robots\" content=\"index, follow, max-snippet:-1, max-image-preview:large, max-video-preview:-1\" \/>\n<link rel=\"canonical\" href=\"https:\/\/handy-in-not.de\/en\/unternehmen\/\" \/>\n<meta property=\"og:locale\" content=\"en_US\" \/>\n<meta property=\"og:type\" content=\"article\" \/>\n<meta property=\"og:title\" content=\"Unternehmen - Handy-in-not.de\" \/>\n<meta property=\"og:url\" content=\"https:\/\/handy-in-not.de\/en\/unternehmen\/\" \/>\n<meta property=\"og:site_name\" content=\"Handy-in-not.de\" \/>\n<meta property=\"article:modified_time\" content=\"2020-07-21T11:16:01+00:00\" \/>\n<meta name=\"twitter:card\" content=\"summary_large_image\" \/>\n<meta name=\"twitter:label1\" content=\"Est. reading time\" \/>\n\t<meta name=\"twitter:data1\" content=\"1 minute\" \/>\n<script type=\"application\/ld+json\" class=\"yoast-schema-graph\">{\"@context\":\"https:\/\/schema.org\",\"@graph\":[{\"@type\":\"WebPage\",\"@id\":\"https:\/\/handy-in-not.de\/unternehmen\/\",\"url\":\"https:\/\/handy-in-not.de\/unternehmen\/\",\"name\":\"Unternehmen - Handy-in-not.de\",\"isPartOf\":{\"@id\":\"https:\/\/handy-in-not.de\/#website\"},\"datePublished\":\"2017-08-01T13:41:07+00:00\",\"dateModified\":\"2020-07-21T11:16:01+00:00\",\"breadcrumb\":{\"@id\":\"https:\/\/handy-in-not.de\/unternehmen\/#breadcrumb\"},\"inLanguage\":\"en-US\",\"potentialAction\":[{\"@type\":\"ReadAction\",\"target\":[\"https:\/\/handy-in-not.de\/unternehmen\/\"]}]},{\"@type\":\"BreadcrumbList\",\"@id\":\"https:\/\/handy-in-not.de\/unternehmen\/#breadcrumb\",\"itemListElement\":[{\"@type\":\"ListItem\",\"position\":1,\"name\":\"Startseite\",\"item\":\"https:\/\/handy-in-not.de\/\"},{\"@type\":\"ListItem\",\"position\":2,\"name\":\"Unternehmen\"}]},{\"@type\":\"WebSite\",\"@id\":\"https:\/\/handy-in-not.de\/#website\",\"url\":\"https:\/\/handy-in-not.de\/\",\"name\":\"Handy-in-not.de\",\"description\":\"Ein Service von KumaxxIT\",\"publisher\":{\"@id\":\"https:\/\/handy-in-not.de\/#organization\"},\"potentialAction\":[{\"@type\":\"SearchAction\",\"target\":{\"@type\":\"EntryPoint\",\"urlTemplate\":\"https:\/\/handy-in-not.de\/?s={search_term_string}\"},\"query-input\":{\"@type\":\"PropertyValueSpecification\",\"valueRequired\":true,\"valueName\":\"search_term_string\"}}],\"inLanguage\":\"en-US\"},{\"@type\":\"Organization\",\"@id\":\"https:\/\/handy-in-not.de\/#organization\",\"name\":\"KumaxxIT\",\"url\":\"https:\/\/handy-in-not.de\/\",\"logo\":{\"@type\":\"ImageObject\",\"inLanguage\":\"en-US\",\"@id\":\"https:\/\/handy-in-not.de\/#\/schema\/logo\/image\/\",\"url\":\"\",\"contentUrl\":\"\",\"caption\":\"KumaxxIT\"},\"image\":{\"@id\":\"https:\/\/handy-in-not.de\/#\/schema\/logo\/image\/\"}}]}<\/script>\n<!-- \/ Yoast SEO plugin. -->","yoast_head_json":{"title":"Unternehmen - Handy-in-not.de","robots":{"index":"index","follow":"follow","max-snippet":"max-snippet:-1","max-image-preview":"max-image-preview:large","max-video-preview":"max-video-preview:-1"},"canonical":"https:\/\/handy-in-not.de\/en\/unternehmen\/","og_locale":"en_US","og_type":"article","og_title":"Unternehmen - Handy-in-not.de","og_url":"https:\/\/handy-in-not.de\/en\/unternehmen\/","og_site_name":"Handy-in-not.de","article_modified_time":"2020-07-21T11:16:01+00:00","twitter_card":"summary_large_image","twitter_misc":{"Est. reading time":"1 minute"},"schema":{"@context":"https:\/\/schema.org","@graph":[{"@type":"WebPage","@id":"https:\/\/handy-in-not.de\/unternehmen\/","url":"https:\/\/handy-in-not.de\/unternehmen\/","name":"Unternehmen - Handy-in-not.de","isPartOf":{"@id":"https:\/\/handy-in-not.de\/#website"},"datePublished":"2017-08-01T13:41:07+00:00","dateModified":"2020-07-21T11:16:01+00:00","breadcrumb":{"@id":"https:\/\/handy-in-not.de\/unternehmen\/#breadcrumb"},"inLanguage":"en-US","potentialAction":[{"@type":"ReadAction","target":["https:\/\/handy-in-not.de\/unternehmen\/"]}]},{"@type":"BreadcrumbList","@id":"https:\/\/handy-in-not.de\/unternehmen\/#breadcrumb","itemListElement":[{"@type":"ListItem","position":1,"name":"Startseite","item":"https:\/\/handy-in-not.de\/"},{"@type":"ListItem","position":2,"name":"Unternehmen"}]},{"@type":"WebSite","@id":"https:\/\/handy-in-not.de\/#website","url":"https:\/\/handy-in-not.de\/","name":"Handy-in-not.de","description":"Ein Service von KumaxxIT","publisher":{"@id":"https:\/\/handy-in-not.de\/#organization"},"potentialAction":[{"@type":"SearchAction","target":{"@type":"EntryPoint","urlTemplate":"https:\/\/handy-in-not.de\/?s={search_term_string}"},"query-input":{"@type":"PropertyValueSpecification","valueRequired":true,"valueName":"search_term_string"}}],"inLanguage":"en-US"},{"@type":"Organization","@id":"https:\/\/handy-in-not.de\/#organization","name":"KumaxxIT","url":"https:\/\/handy-in-not.de\/","logo":{"@type":"ImageObject","inLanguage":"en-US","@id":"https:\/\/handy-in-not.de\/#\/schema\/logo\/image\/","url":"","contentUrl":"","caption":"KumaxxIT"},"image":{"@id":"https:\/\/handy-in-not.de\/#\/schema\/logo\/image\/"}}]}},"_links":{"self":[{"href":"https:\/\/handy-in-not.de\/en\/wp-json\/wp\/v2\/pages\/217","targetHints":{"allow":["GET"]}}],"collection":[{"href":"https:\/\/handy-in-not.de\/en\/wp-json\/wp\/v2\/pages"}],"about":[{"href":"https:\/\/handy-in-not.de\/en\/wp-json\/wp\/v2\/types\/page"}],"author":[{"embeddable":true,"href":"https:\/\/handy-in-not.de\/en\/wp-json\/wp\/v2\/users\/1"}],"replies":[{"embeddable":true,"href":"https:\/\/handy-in-not.de\/en\/wp-json\/wp\/v2\/comments?post=217"}],"version-history":[{"count":20,"href":"https:\/\/handy-in-not.de\/en\/wp-json\/wp\/v2\/pages\/217\/revisions"}],"predecessor-version":[{"id":1494,"href":"https:\/\/handy-in-not.de\/en\/wp-json\/wp\/v2\/pages\/217\/revisions\/1494"}],"wp:attachment":[{"href":"https:\/\/handy-in-not.de\/en\/wp-json\/wp\/v2\/media?parent=217"}],"curies":[{"name":"wp","href":"https:\/\/api.w.org\/{rel}","templated":true}]}}