{"id":1164,"date":"2020-05-07T15:56:12","date_gmt":"2020-05-07T13:56:12","guid":{"rendered":"https:\/\/handy-in-not.de\/?page_id=1164"},"modified":"2020-05-07T15:57:44","modified_gmt":"2020-05-07T13:57:44","slug":"lieferbedingungen","status":"publish","type":"page","link":"https:\/\/handy-in-not.de\/en\/lieferbedingungen\/","title":{"rendered":"Lieferbedingungen"},"content":{"rendered":"<div class=\"wpb-content-wrapper\"><div class=\"vc_row wpb_row vc_row-fluid\"><div class=\"wpb_column vc_column_container vc_col-sm-12 sc_layouts_column_icons_position_left\"><div class=\"vc_column-inner\"><div class=\"wpb_wrapper\">\n\t<div class=\"wpb_text_column wpb_content_element\" >\n\t\t<div class=\"wpb_wrapper\">\n\t\t\t<p><strong>Versandbedingungen<\/strong><\/p>\n<p>Die Lieferung erfolgt nur innerhalb Deutschlands. Versandkosten im Shop werden <strong>inklusive gesetzliche Mehrwertsteuer <\/strong>angegeben.<\/p>\n<p><strong>Lieferungen innerhalb Deutschlands:<\/strong><\/p>\n<p>Versandkostenfreie Lieferung ab einem Warenwert von 150,00 \u20ac*!<\/p>\n<p>*Bei einem Bestellwert unter 150,00 \u20ac fallen 6,95 \u20ac Versandkosten an.<\/p>\n<p><strong>Lieferungen ins Ausland:<\/strong><\/p>\n<p>Aktuell versenden wir keine Waren ins Ausland<\/p>\n<p><strong>Lieferung von Download-Produkten:<\/strong><\/p>\n<p>F\u00fcr Download-Produkte (digitale Inhalte, die nicht auf einem k\u00f6rperlichen Datentr\u00e4ger geliefert werden) fallen keine Versandkosten an.<\/p>\n<p>Download-Produkte k\u00f6nnen Sie \u00fcber einen per E-Mail mitgeteilten Link herunterladen.<br \/>\nDie Versendung dieser E-Mail mit Zugangsdaten zur Ausf\u00fchrung des Downloads erfolgt innerhalb von 24 Stunden nach Vertragsschluss (bei vereinbarter Vorauszahlung nach dem Zeitpunkt Ihrer Zahlungsanweisung).<\/p>\n<p><strong>Lieferfristen<\/strong><\/p>\n<p>Soweit im jeweiligen Angebot keine andere Frist angegeben ist, erfolgt die Lieferung der Ware im Inland (Deutschland) innerhalb von 2-3 Tagen nach Vertragsschluss (bei vereinbarter Vorauszahlung nach dem Zeitpunkt Ihrer Zahlungsanweisung).<br \/>\nBeachten Sie, dass an Sonn- und Feiertagen keine Zustellung erfolgt.<br \/>\nHaben Sie Artikel mit unterschiedlichen Lieferzeiten bestellt, versenden wir die Ware in einer gemeinsamen Sendung, sofern wir keine abweichenden Vereinbarungen mit Ihnen getroffen haben. Die Lieferzeit bestimmt sich in diesem Fall nach dem Artikel mit der l\u00e4ngsten Lieferzeit den Sie bestellt haben.<\/p>\n<p><strong>Akzeptierte Zahlungsm\u00f6glichkeiten<\/strong><\/p>\n<p>\u2013 Vorkasse per \u00dcberweisung<br \/>\n\u2013 Paypal<\/p>\n<p><strong>Weitere Einzelheiten zur Zahlung<\/strong><\/p>\n<p>Bei Fragen finden Sie unsere Kontaktdaten im Impressum.<\/p>\n\n\t\t<\/div>\n\t<\/div>\n<\/div><\/div><\/div><\/div>\n<\/div>","protected":false},"excerpt":{"rendered":"Versandbedingungen Die Lieferung erfolgt nur innerhalb Deutschlands. Versandkosten im Shop werden inklusive gesetzliche Mehrwertsteuer angegeben. Lieferungen innerhalb Deutschlands: Versandkostenfreie Lieferung ab einem Warenwert von 150,00 \u20ac*! *Bei einem Bestellwert unter&hellip;","protected":false},"author":1,"featured_media":0,"parent":0,"menu_order":0,"comment_status":"closed","ping_status":"closed","template":"","meta":{"footnotes":""},"class_list":["post-1164","page","type-page","status-publish","hentry"],"yoast_head":"<!-- This site is optimized with the Yoast SEO plugin v25.7 - https:\/\/yoast.com\/wordpress\/plugins\/seo\/ -->\n<title>Lieferbedingungen - Handy-in-not.de<\/title>\n<meta name=\"robots\" content=\"index, follow, max-snippet:-1, max-image-preview:large, max-video-preview:-1\" \/>\n<link rel=\"canonical\" href=\"https:\/\/handy-in-not.de\/en\/lieferbedingungen\/\" \/>\n<meta property=\"og:locale\" content=\"en_US\" \/>\n<meta property=\"og:type\" content=\"article\" \/>\n<meta property=\"og:title\" content=\"Lieferbedingungen - Handy-in-not.de\" \/>\n<meta property=\"og:url\" content=\"https:\/\/handy-in-not.de\/en\/lieferbedingungen\/\" \/>\n<meta property=\"og:site_name\" content=\"Handy-in-not.de\" \/>\n<meta property=\"article:modified_time\" content=\"2020-05-07T13:57:44+00:00\" \/>\n<meta name=\"twitter:card\" content=\"summary_large_image\" \/>\n<meta name=\"twitter:label1\" content=\"Est. reading time\" \/>\n\t<meta name=\"twitter:data1\" content=\"1 minute\" \/>\n<script type=\"application\/ld+json\" class=\"yoast-schema-graph\">{\"@context\":\"https:\/\/schema.org\",\"@graph\":[{\"@type\":\"WebPage\",\"@id\":\"https:\/\/handy-in-not.de\/lieferbedingungen\/\",\"url\":\"https:\/\/handy-in-not.de\/lieferbedingungen\/\",\"name\":\"Lieferbedingungen - Handy-in-not.de\",\"isPartOf\":{\"@id\":\"https:\/\/handy-in-not.de\/#website\"},\"datePublished\":\"2020-05-07T13:56:12+00:00\",\"dateModified\":\"2020-05-07T13:57:44+00:00\",\"breadcrumb\":{\"@id\":\"https:\/\/handy-in-not.de\/lieferbedingungen\/#breadcrumb\"},\"inLanguage\":\"en-US\",\"potentialAction\":[{\"@type\":\"ReadAction\",\"target\":[\"https:\/\/handy-in-not.de\/lieferbedingungen\/\"]}]},{\"@type\":\"BreadcrumbList\",\"@id\":\"https:\/\/handy-in-not.de\/lieferbedingungen\/#breadcrumb\",\"itemListElement\":[{\"@type\":\"ListItem\",\"position\":1,\"name\":\"Startseite\",\"item\":\"https:\/\/handy-in-not.de\/\"},{\"@type\":\"ListItem\",\"position\":2,\"name\":\"Lieferbedingungen\"}]},{\"@type\":\"WebSite\",\"@id\":\"https:\/\/handy-in-not.de\/#website\",\"url\":\"https:\/\/handy-in-not.de\/\",\"name\":\"Handy-in-not.de\",\"description\":\"Ein Service von KumaxxIT\",\"publisher\":{\"@id\":\"https:\/\/handy-in-not.de\/#organization\"},\"potentialAction\":[{\"@type\":\"SearchAction\",\"target\":{\"@type\":\"EntryPoint\",\"urlTemplate\":\"https:\/\/handy-in-not.de\/?s={search_term_string}\"},\"query-input\":{\"@type\":\"PropertyValueSpecification\",\"valueRequired\":true,\"valueName\":\"search_term_string\"}}],\"inLanguage\":\"en-US\"},{\"@type\":\"Organization\",\"@id\":\"https:\/\/handy-in-not.de\/#organization\",\"name\":\"KumaxxIT\",\"url\":\"https:\/\/handy-in-not.de\/\",\"logo\":{\"@type\":\"ImageObject\",\"inLanguage\":\"en-US\",\"@id\":\"https:\/\/handy-in-not.de\/#\/schema\/logo\/image\/\",\"url\":\"\",\"contentUrl\":\"\",\"caption\":\"KumaxxIT\"},\"image\":{\"@id\":\"https:\/\/handy-in-not.de\/#\/schema\/logo\/image\/\"}}]}<\/script>\n<!-- \/ Yoast SEO plugin. -->","yoast_head_json":{"title":"Lieferbedingungen - Handy-in-not.de","robots":{"index":"index","follow":"follow","max-snippet":"max-snippet:-1","max-image-preview":"max-image-preview:large","max-video-preview":"max-video-preview:-1"},"canonical":"https:\/\/handy-in-not.de\/en\/lieferbedingungen\/","og_locale":"en_US","og_type":"article","og_title":"Lieferbedingungen - Handy-in-not.de","og_url":"https:\/\/handy-in-not.de\/en\/lieferbedingungen\/","og_site_name":"Handy-in-not.de","article_modified_time":"2020-05-07T13:57:44+00:00","twitter_card":"summary_large_image","twitter_misc":{"Est. reading time":"1 minute"},"schema":{"@context":"https:\/\/schema.org","@graph":[{"@type":"WebPage","@id":"https:\/\/handy-in-not.de\/lieferbedingungen\/","url":"https:\/\/handy-in-not.de\/lieferbedingungen\/","name":"Lieferbedingungen - Handy-in-not.de","isPartOf":{"@id":"https:\/\/handy-in-not.de\/#website"},"datePublished":"2020-05-07T13:56:12+00:00","dateModified":"2020-05-07T13:57:44+00:00","breadcrumb":{"@id":"https:\/\/handy-in-not.de\/lieferbedingungen\/#breadcrumb"},"inLanguage":"en-US","potentialAction":[{"@type":"ReadAction","target":["https:\/\/handy-in-not.de\/lieferbedingungen\/"]}]},{"@type":"BreadcrumbList","@id":"https:\/\/handy-in-not.de\/lieferbedingungen\/#breadcrumb","itemListElement":[{"@type":"ListItem","position":1,"name":"Startseite","item":"https:\/\/handy-in-not.de\/"},{"@type":"ListItem","position":2,"name":"Lieferbedingungen"}]},{"@type":"WebSite","@id":"https:\/\/handy-in-not.de\/#website","url":"https:\/\/handy-in-not.de\/","name":"Handy-in-not.de","description":"Ein Service von KumaxxIT","publisher":{"@id":"https:\/\/handy-in-not.de\/#organization"},"potentialAction":[{"@type":"SearchAction","target":{"@type":"EntryPoint","urlTemplate":"https:\/\/handy-in-not.de\/?s={search_term_string}"},"query-input":{"@type":"PropertyValueSpecification","valueRequired":true,"valueName":"search_term_string"}}],"inLanguage":"en-US"},{"@type":"Organization","@id":"https:\/\/handy-in-not.de\/#organization","name":"KumaxxIT","url":"https:\/\/handy-in-not.de\/","logo":{"@type":"ImageObject","inLanguage":"en-US","@id":"https:\/\/handy-in-not.de\/#\/schema\/logo\/image\/","url":"","contentUrl":"","caption":"KumaxxIT"},"image":{"@id":"https:\/\/handy-in-not.de\/#\/schema\/logo\/image\/"}}]}},"_links":{"self":[{"href":"https:\/\/handy-in-not.de\/en\/wp-json\/wp\/v2\/pages\/1164","targetHints":{"allow":["GET"]}}],"collection":[{"href":"https:\/\/handy-in-not.de\/en\/wp-json\/wp\/v2\/pages"}],"about":[{"href":"https:\/\/handy-in-not.de\/en\/wp-json\/wp\/v2\/types\/page"}],"author":[{"embeddable":true,"href":"https:\/\/handy-in-not.de\/en\/wp-json\/wp\/v2\/users\/1"}],"replies":[{"embeddable":true,"href":"https:\/\/handy-in-not.de\/en\/wp-json\/wp\/v2\/comments?post=1164"}],"version-history":[{"count":1,"href":"https:\/\/handy-in-not.de\/en\/wp-json\/wp\/v2\/pages\/1164\/revisions"}],"predecessor-version":[{"id":1165,"href":"https:\/\/handy-in-not.de\/en\/wp-json\/wp\/v2\/pages\/1164\/revisions\/1165"}],"wp:attachment":[{"href":"https:\/\/handy-in-not.de\/en\/wp-json\/wp\/v2\/media?parent=1164"}],"curies":[{"name":"wp","href":"https:\/\/api.w.org\/{rel}","templated":true}]}}